{"id":579,"date":"2025-05-08T16:23:11","date_gmt":"2025-05-08T14:23:11","guid":{"rendered":"https:\/\/climatisation-vence.com\/?page_id=579"},"modified":"2025-05-08T16:40:00","modified_gmt":"2025-05-08T14:40:00","slug":"mentions-legales","status":"publish","type":"page","link":"https:\/\/climatisation-vence.com\/index.php\/mentions-legales\/","title":{"rendered":"Mentions l\u00e9gales"},"content":{"rendered":"\t\t<div data-elementor-type=\"wp-page\" data-elementor-id=\"579\" class=\"elementor elementor-579\" data-elementor-post-type=\"page\">\n\t\t\t\t<div data-ka-cursor-size=\"1\" class=\"elementor-element elementor-element-753ebb7 e-flex e-con-boxed wpr-particle-no wpr-jarallax-no wpr-parallax-no wpr-sticky-section-no wpr-equal-height-no e-con e-parent\" data-id=\"753ebb7\" data-element_type=\"container\" data-e-type=\"container\" data-settings=\"{&quot;kng_cursor_interaction&quot;:&quot;default&quot;,&quot;kng_cursor_magnetic&quot;:&quot;none&quot;,&quot;kng_cursor_size_multiplier&quot;:{&quot;unit&quot;:&quot;px&quot;,&quot;size&quot;:1,&quot;sizes&quot;:[]}}\">\n\t\t\t\t\t<div class=\"e-con-inner\">\n\t\t\t\t<div data-ka-cursor-size=\"1\" class=\"elementor-element elementor-element-09cf42c elementor-widget elementor-widget-text-editor\" data-id=\"09cf42c\" data-element_type=\"widget\" data-e-type=\"widget\" data-settings=\"{&quot;kng_cursor_interaction&quot;:&quot;default&quot;,&quot;kng_cursor_magnetic&quot;:&quot;none&quot;,&quot;kng_cursor_size_multiplier&quot;:{&quot;unit&quot;:&quot;px&quot;,&quot;size&quot;:1,&quot;sizes&quot;:[]}}\" data-widget_type=\"text-editor.default\">\n\t\t\t\t<div class=\"elementor-widget-container\">\n\t\t\t\t\t\t\t\t\t<h2 class=\"\" data-start=\"276\" data-end=\"298\">\ud83d\udcc4 Mentions l\u00e9gales<\/h2><p class=\"\" data-start=\"300\" data-end=\"540\"><strong data-start=\"300\" data-end=\"540\">Conform\u00e9ment aux dispositions des articles 6-III et 19 de la Loi n\u00b02004-575 du 21 juin 2004 pour la Confiance dans l\u2019\u00e9conomie num\u00e9rique (LCEN), nous informons les utilisateurs du site climatisation-vence.com des informations suivantes :<\/strong><\/p><p data-start=\"300\" data-end=\"540\">\u00a0<\/p><h3 class=\"\" data-start=\"547\" data-end=\"569\">1. \u00c9diteur du site<\/h3><ul data-start=\"571\" data-end=\"883\"><li class=\"\" data-start=\"571\" data-end=\"612\"><p class=\"\" data-start=\"573\" data-end=\"612\"><strong data-start=\"573\" data-end=\"596\">Nom de l&#8217;entreprise<\/strong> : Ravera Clim<\/p><\/li><li class=\"\" data-start=\"613\" data-end=\"662\"><p class=\"\" data-start=\"615\" data-end=\"662\"><strong data-start=\"615\" data-end=\"645\">Responsable de publication<\/strong> : Loris Ravera<\/p><\/li><li class=\"\" data-start=\"663\" data-end=\"713\"><p class=\"\" data-start=\"665\" data-end=\"713\"><strong data-start=\"665\" data-end=\"685\">Statut juridique<\/strong> : Entreprise individuelle<\/p><\/li><li class=\"\" data-start=\"714\" data-end=\"763\"><p class=\"\" data-start=\"716\" data-end=\"763\"><strong data-start=\"716\" data-end=\"725\">SIRET<\/strong> : 91900476200010<\/p><\/li><li class=\"\" data-start=\"764\" data-end=\"801\"><p class=\"\" data-start=\"766\" data-end=\"801\"><strong data-start=\"766\" data-end=\"777\">Adresse<\/strong> : 06140 Vence, France<\/p><\/li><li class=\"\" data-start=\"802\" data-end=\"836\"><p class=\"\" data-start=\"804\" data-end=\"836\"><strong data-start=\"804\" data-end=\"817\">T\u00e9l\u00e9phone<\/strong> : 06 23 19 52 88<\/p><\/li><li class=\"\" data-start=\"837\" data-end=\"883\"><p class=\"\" data-start=\"839\" data-end=\"883\"><strong data-start=\"839\" data-end=\"849\">E-mail<\/strong> : <a class=\"cursor-pointer\" rel=\"noopener\" data-start=\"852\" data-end=\"883\">raveraclim@gmail.com<\/a><\/p><\/li><\/ul><p>\u00a0<\/p><h3 class=\"\" data-start=\"890\" data-end=\"913\">2. Cr\u00e9ation du site<\/h3><ul data-start=\"915\" data-end=\"1127\"><li class=\"\" data-start=\"915\" data-end=\"964\"><p class=\"\" data-start=\"917\" data-end=\"964\"><strong data-start=\"917\" data-end=\"946\">Cr\u00e9ation et d\u00e9veloppement<\/strong> : VG Visibility<\/p><\/li><li class=\"\" data-start=\"1055\" data-end=\"1127\"><p class=\"\" data-start=\"1057\" data-end=\"1127\"><strong data-start=\"1057\" data-end=\"1066\">Email<\/strong> : vgvisibility@gmail.com<\/p><\/li><\/ul><h3 data-start=\"106\" data-end=\"130\">\u00a0<\/h3><h3 class=\"\" data-start=\"106\" data-end=\"130\">3. H\u00e9bergeur du site<\/h3><ul data-start=\"132\" data-end=\"326\"><li class=\"\" data-start=\"132\" data-end=\"153\"><p class=\"\" data-start=\"134\" data-end=\"153\"><strong data-start=\"134\" data-end=\"141\">Nom<\/strong> : OVH SAS<\/p><\/li><li class=\"\" data-start=\"154\" data-end=\"212\"><p class=\"\" data-start=\"156\" data-end=\"212\"><strong data-start=\"156\" data-end=\"167\">Adresse<\/strong> : 2 rue Kellermann, 59100 Roubaix \u2013 France<\/p><\/li><li class=\"\" data-start=\"213\" data-end=\"256\"><p class=\"\" data-start=\"215\" data-end=\"256\"><strong data-start=\"215\" data-end=\"228\">T\u00e9l\u00e9phone<\/strong> : 1007 (depuis la France)<\/p><\/li><li class=\"\" data-start=\"257\" data-end=\"326\"><p class=\"\" data-start=\"259\" data-end=\"326\"><strong data-start=\"259\" data-end=\"271\">Site web<\/strong> : <a class=\"\" href=\"https:\/\/www.ovhcloud.com\/\" target=\"_new\" rel=\"noopener\" data-start=\"274\" data-end=\"326\">https:\/\/www.ovhcloud.com<\/a><\/p><\/li><\/ul><p>\u00a0<\/p><h3 class=\"\" data-start=\"1465\" data-end=\"1496\">4. Propri\u00e9t\u00e9 intellectuelle<\/h3><p class=\"\" data-start=\"1498\" data-end=\"1699\">Le site et son contenu (textes, images, graphismes, logo\u2026) sont la propri\u00e9t\u00e9 exclusive de <strong data-start=\"1588\" data-end=\"1603\">Ravera Clim<\/strong>, sauf mentions contraires.<br data-start=\"1630\" data-end=\"1633\" \/>Toute reproduction ou utilisation sans autorisation est interdite.<\/p><hr class=\"\" data-start=\"1701\" data-end=\"1704\" \/><h3 class=\"\" data-start=\"1706\" data-end=\"1743\">5. Donn\u00e9es personnelles &amp; cookies<\/h3><p class=\"\" data-start=\"1745\" data-end=\"2012\">Les donn\u00e9es collect\u00e9es via les formulaires sont destin\u00e9es uniquement \u00e0 Ravera Clim pour r\u00e9pondre \u00e0 vos demandes.<br data-start=\"1857\" data-end=\"1860\" \/>Elles ne sont ni partag\u00e9es, ni vendues. Vous pouvez exercer vos droits (acc\u00e8s, rectification, suppression) \u00e0 l\u2019adresse : <a class=\"cursor-pointer\" rel=\"noopener\" data-start=\"1981\" data-end=\"2012\">raveraclim@gmail.com<\/a><\/p><p class=\"\" data-start=\"2014\" data-end=\"2138\">Le site utilise des cookies \u00e0 des fins techniques et statistiques. Vous pouvez configurer votre navigateur pour les refuser.<\/p><hr class=\"\" data-start=\"2140\" data-end=\"2143\" \/>\t\t\t\t\t\t\t\t<\/div>\n\t\t\t\t<\/div>\n\t\t\t\t\t<\/div>\n\t\t\t\t<\/div>\n\t\t\t\t<\/div>\n\t\t","protected":false},"excerpt":{"rendered":"<p>\ud83d\udcc4 Mentions l\u00e9gales Conform\u00e9ment aux dispositions des articles 6-III et 19 de la Loi n\u00b02004-575 du 21 juin 2004 pour la Confiance dans l\u2019\u00e9conomie num\u00e9rique (LCEN), nous informons les utilisateurs du site climatisation-vence.com des informations suivantes : \u00a0 1. \u00c9diteur du site Nom de l&#8217;entreprise : Ravera Clim Responsable de publication : Loris Ravera Statut juridique : Entreprise individuelle SIRET : 91900476200010 Adresse : 06140 Vence, France T\u00e9l\u00e9phone : 06 23 19 52 88 E-mail : raveraclim@gmail.com \u00a0 2. Cr\u00e9ation du site Cr\u00e9ation et d\u00e9veloppement : VG Visibility Email : vgvisibility@gmail.com \u00a0 3. H\u00e9bergeur du site Nom : OVH SAS Adresse : 2 rue Kellermann, 59100 Roubaix \u2013 France T\u00e9l\u00e9phone : 1007 (depuis la France) Site web : https:\/\/www.ovhcloud.com \u00a0 4. Propri\u00e9t\u00e9 intellectuelle Le site et son contenu (textes, images, graphismes, logo\u2026) sont la propri\u00e9t\u00e9 exclusive de Ravera Clim, sauf mentions contraires.Toute reproduction ou utilisation sans autorisation est interdite. 5. Donn\u00e9es personnelles &amp; cookies Les donn\u00e9es collect\u00e9es via les formulaires sont destin\u00e9es uniquement \u00e0 Ravera Clim pour r\u00e9pondre \u00e0 vos demandes.Elles ne sont ni partag\u00e9es, ni vendues. Vous pouvez exercer vos droits (acc\u00e8s, rectification, suppression) \u00e0 l\u2019adresse : raveraclim@gmail.com Le site utilise des cookies \u00e0 des fins techniques et statistiques. Vous pouvez configurer votre navigateur pour les refuser.<\/p>\n","protected":false},"author":1,"featured_media":0,"parent":0,"menu_order":0,"comment_status":"closed","ping_status":"closed","template":"elementor_header_footer","meta":{"footnotes":""},"class_list":["post-579","page","type-page","status-publish","hentry"],"yoast_head":"<!-- This site is optimized with the Yoast SEO plugin v25.2 - https:\/\/yoast.com\/wordpress\/plugins\/seo\/ -->\n<title>Mentions l\u00e9gales - Ravera Clim<\/title>\n<meta name=\"robots\" content=\"index, follow, max-snippet:-1, max-image-preview:large, max-video-preview:-1\" \/>\n<link rel=\"canonical\" href=\"https:\/\/climatisation-vence.com\/index.php\/mentions-legales\/\" \/>\n<meta property=\"og:locale\" content=\"en_US\" \/>\n<meta property=\"og:type\" content=\"article\" \/>\n<meta property=\"og:title\" content=\"Mentions l\u00e9gales - Ravera Clim\" \/>\n<meta property=\"og:description\" content=\"\ud83d\udcc4 Mentions l\u00e9gales Conform\u00e9ment aux dispositions des articles 6-III et 19 de la Loi n\u00b02004-575 du 21 juin 2004 pour la Confiance dans l\u2019\u00e9conomie num\u00e9rique (LCEN), nous informons les utilisateurs du site climatisation-vence.com des informations suivantes : \u00a0 1. \u00c9diteur du site Nom de l&#8217;entreprise : Ravera Clim Responsable de publication : Loris Ravera Statut juridique : Entreprise individuelle SIRET : 91900476200010 Adresse : 06140 Vence, France T\u00e9l\u00e9phone : 06 23 19 52 88 E-mail : raveraclim@gmail.com \u00a0 2. Cr\u00e9ation du site Cr\u00e9ation et d\u00e9veloppement : VG Visibility Email : vgvisibility@gmail.com \u00a0 3. H\u00e9bergeur du site Nom : OVH SAS Adresse : 2 rue Kellermann, 59100 Roubaix \u2013 France T\u00e9l\u00e9phone : 1007 (depuis la France) Site web : https:\/\/www.ovhcloud.com \u00a0 4. Propri\u00e9t\u00e9 intellectuelle Le site et son contenu (textes, images, graphismes, logo\u2026) sont la propri\u00e9t\u00e9 exclusive de Ravera Clim, sauf mentions contraires.Toute reproduction ou utilisation sans autorisation est interdite. 5. Donn\u00e9es personnelles &amp; cookies Les donn\u00e9es collect\u00e9es via les formulaires sont destin\u00e9es uniquement \u00e0 Ravera Clim pour r\u00e9pondre \u00e0 vos demandes.Elles ne sont ni partag\u00e9es, ni vendues. Vous pouvez exercer vos droits (acc\u00e8s, rectification, suppression) \u00e0 l\u2019adresse : raveraclim@gmail.com Le site utilise des cookies \u00e0 des fins techniques et statistiques. Vous pouvez configurer votre navigateur pour les refuser.\" \/>\n<meta property=\"og:url\" content=\"https:\/\/climatisation-vence.com\/index.php\/mentions-legales\/\" \/>\n<meta property=\"og:site_name\" content=\"Ravera Clim\" \/>\n<meta property=\"article:modified_time\" content=\"2025-05-08T14:40:00+00:00\" \/>\n<meta name=\"twitter:card\" content=\"summary_large_image\" \/>\n<meta name=\"twitter:label1\" content=\"Est. reading time\" \/>\n\t<meta name=\"twitter:data1\" content=\"1 minute\" \/>\n<script type=\"application\/ld+json\" class=\"yoast-schema-graph\">{\"@context\":\"https:\/\/schema.org\",\"@graph\":[{\"@type\":\"WebPage\",\"@id\":\"https:\/\/climatisation-vence.com\/index.php\/mentions-legales\/\",\"url\":\"https:\/\/climatisation-vence.com\/index.php\/mentions-legales\/\",\"name\":\"Mentions l\u00e9gales - Ravera Clim\",\"isPartOf\":{\"@id\":\"https:\/\/climatisation-vence.com\/#website\"},\"datePublished\":\"2025-05-08T14:23:11+00:00\",\"dateModified\":\"2025-05-08T14:40:00+00:00\",\"breadcrumb\":{\"@id\":\"https:\/\/climatisation-vence.com\/index.php\/mentions-legales\/#breadcrumb\"},\"inLanguage\":\"en-US\",\"potentialAction\":[{\"@type\":\"ReadAction\",\"target\":[\"https:\/\/climatisation-vence.com\/index.php\/mentions-legales\/\"]}]},{\"@type\":\"BreadcrumbList\",\"@id\":\"https:\/\/climatisation-vence.com\/index.php\/mentions-legales\/#breadcrumb\",\"itemListElement\":[{\"@type\":\"ListItem\",\"position\":1,\"name\":\"Accueil\",\"item\":\"https:\/\/climatisation-vence.com\/\"},{\"@type\":\"ListItem\",\"position\":2,\"name\":\"Mentions l\u00e9gales\"}]},{\"@type\":\"WebSite\",\"@id\":\"https:\/\/climatisation-vence.com\/#website\",\"url\":\"https:\/\/climatisation-vence.com\/\",\"name\":\"Ravera Clim\",\"description\":\"\",\"publisher\":{\"@id\":\"https:\/\/climatisation-vence.com\/#organization\"},\"potentialAction\":[{\"@type\":\"SearchAction\",\"target\":{\"@type\":\"EntryPoint\",\"urlTemplate\":\"https:\/\/climatisation-vence.com\/?s={search_term_string}\"},\"query-input\":{\"@type\":\"PropertyValueSpecification\",\"valueRequired\":true,\"valueName\":\"search_term_string\"}}],\"inLanguage\":\"en-US\"},{\"@type\":\"Organization\",\"@id\":\"https:\/\/climatisation-vence.com\/#organization\",\"name\":\"Ravera Clim\",\"url\":\"https:\/\/climatisation-vence.com\/\",\"logo\":{\"@type\":\"ImageObject\",\"inLanguage\":\"en-US\",\"@id\":\"https:\/\/climatisation-vence.com\/#\/schema\/logo\/image\/\",\"url\":\"https:\/\/climatisation-vence.com\/wp-content\/uploads\/2025\/04\/cropped-Logo-ravera-clim.png\",\"contentUrl\":\"https:\/\/climatisation-vence.com\/wp-content\/uploads\/2025\/04\/cropped-Logo-ravera-clim.png\",\"width\":259,\"height\":74,\"caption\":\"Ravera Clim\"},\"image\":{\"@id\":\"https:\/\/climatisation-vence.com\/#\/schema\/logo\/image\/\"}}]}<\/script>\n<!-- \/ Yoast SEO plugin. -->","yoast_head_json":{"title":"Mentions l\u00e9gales - Ravera Clim","robots":{"index":"index","follow":"follow","max-snippet":"max-snippet:-1","max-image-preview":"max-image-preview:large","max-video-preview":"max-video-preview:-1"},"canonical":"https:\/\/climatisation-vence.com\/index.php\/mentions-legales\/","og_locale":"en_US","og_type":"article","og_title":"Mentions l\u00e9gales - Ravera Clim","og_description":"\ud83d\udcc4 Mentions l\u00e9gales Conform\u00e9ment aux dispositions des articles 6-III et 19 de la Loi n\u00b02004-575 du 21 juin 2004 pour la Confiance dans l\u2019\u00e9conomie num\u00e9rique (LCEN), nous informons les utilisateurs du site climatisation-vence.com des informations suivantes : \u00a0 1. \u00c9diteur du site Nom de l&#8217;entreprise : Ravera Clim Responsable de publication : Loris Ravera Statut juridique : Entreprise individuelle SIRET : 91900476200010 Adresse : 06140 Vence, France T\u00e9l\u00e9phone : 06 23 19 52 88 E-mail : raveraclim@gmail.com \u00a0 2. Cr\u00e9ation du site Cr\u00e9ation et d\u00e9veloppement : VG Visibility Email : vgvisibility@gmail.com \u00a0 3. H\u00e9bergeur du site Nom : OVH SAS Adresse : 2 rue Kellermann, 59100 Roubaix \u2013 France T\u00e9l\u00e9phone : 1007 (depuis la France) Site web : https:\/\/www.ovhcloud.com \u00a0 4. Propri\u00e9t\u00e9 intellectuelle Le site et son contenu (textes, images, graphismes, logo\u2026) sont la propri\u00e9t\u00e9 exclusive de Ravera Clim, sauf mentions contraires.Toute reproduction ou utilisation sans autorisation est interdite. 5. Donn\u00e9es personnelles &amp; cookies Les donn\u00e9es collect\u00e9es via les formulaires sont destin\u00e9es uniquement \u00e0 Ravera Clim pour r\u00e9pondre \u00e0 vos demandes.Elles ne sont ni partag\u00e9es, ni vendues. Vous pouvez exercer vos droits (acc\u00e8s, rectification, suppression) \u00e0 l\u2019adresse : raveraclim@gmail.com Le site utilise des cookies \u00e0 des fins techniques et statistiques. Vous pouvez configurer votre navigateur pour les refuser.","og_url":"https:\/\/climatisation-vence.com\/index.php\/mentions-legales\/","og_site_name":"Ravera Clim","article_modified_time":"2025-05-08T14:40:00+00:00","twitter_card":"summary_large_image","twitter_misc":{"Est. reading time":"1 minute"},"schema":{"@context":"https:\/\/schema.org","@graph":[{"@type":"WebPage","@id":"https:\/\/climatisation-vence.com\/index.php\/mentions-legales\/","url":"https:\/\/climatisation-vence.com\/index.php\/mentions-legales\/","name":"Mentions l\u00e9gales - Ravera Clim","isPartOf":{"@id":"https:\/\/climatisation-vence.com\/#website"},"datePublished":"2025-05-08T14:23:11+00:00","dateModified":"2025-05-08T14:40:00+00:00","breadcrumb":{"@id":"https:\/\/climatisation-vence.com\/index.php\/mentions-legales\/#breadcrumb"},"inLanguage":"en-US","potentialAction":[{"@type":"ReadAction","target":["https:\/\/climatisation-vence.com\/index.php\/mentions-legales\/"]}]},{"@type":"BreadcrumbList","@id":"https:\/\/climatisation-vence.com\/index.php\/mentions-legales\/#breadcrumb","itemListElement":[{"@type":"ListItem","position":1,"name":"Accueil","item":"https:\/\/climatisation-vence.com\/"},{"@type":"ListItem","position":2,"name":"Mentions l\u00e9gales"}]},{"@type":"WebSite","@id":"https:\/\/climatisation-vence.com\/#website","url":"https:\/\/climatisation-vence.com\/","name":"Ravera Clim","description":"","publisher":{"@id":"https:\/\/climatisation-vence.com\/#organization"},"potentialAction":[{"@type":"SearchAction","target":{"@type":"EntryPoint","urlTemplate":"https:\/\/climatisation-vence.com\/?s={search_term_string}"},"query-input":{"@type":"PropertyValueSpecification","valueRequired":true,"valueName":"search_term_string"}}],"inLanguage":"en-US"},{"@type":"Organization","@id":"https:\/\/climatisation-vence.com\/#organization","name":"Ravera Clim","url":"https:\/\/climatisation-vence.com\/","logo":{"@type":"ImageObject","inLanguage":"en-US","@id":"https:\/\/climatisation-vence.com\/#\/schema\/logo\/image\/","url":"https:\/\/climatisation-vence.com\/wp-content\/uploads\/2025\/04\/cropped-Logo-ravera-clim.png","contentUrl":"https:\/\/climatisation-vence.com\/wp-content\/uploads\/2025\/04\/cropped-Logo-ravera-clim.png","width":259,"height":74,"caption":"Ravera Clim"},"image":{"@id":"https:\/\/climatisation-vence.com\/#\/schema\/logo\/image\/"}}]}},"_links":{"self":[{"href":"https:\/\/climatisation-vence.com\/index.php\/wp-json\/wp\/v2\/pages\/579","targetHints":{"allow":["GET"]}}],"collection":[{"href":"https:\/\/climatisation-vence.com\/index.php\/wp-json\/wp\/v2\/pages"}],"about":[{"href":"https:\/\/climatisation-vence.com\/index.php\/wp-json\/wp\/v2\/types\/page"}],"author":[{"embeddable":true,"href":"https:\/\/climatisation-vence.com\/index.php\/wp-json\/wp\/v2\/users\/1"}],"replies":[{"embeddable":true,"href":"https:\/\/climatisation-vence.com\/index.php\/wp-json\/wp\/v2\/comments?post=579"}],"version-history":[{"count":13,"href":"https:\/\/climatisation-vence.com\/index.php\/wp-json\/wp\/v2\/pages\/579\/revisions"}],"predecessor-version":[{"id":593,"href":"https:\/\/climatisation-vence.com\/index.php\/wp-json\/wp\/v2\/pages\/579\/revisions\/593"}],"wp:attachment":[{"href":"https:\/\/climatisation-vence.com\/index.php\/wp-json\/wp\/v2\/media?parent=579"}],"curies":[{"name":"wp","href":"https:\/\/api.w.org\/{rel}","templated":true}]}}